{"id":635,"date":"2012-02-25T19:50:45","date_gmt":"2012-02-25T19:50:45","guid":{"rendered":"http:\/\/casasenlaesperanza.com\/BLOG\/?page_id=635"},"modified":"2015-11-17T17:18:07","modified_gmt":"2015-11-17T17:18:07","slug":"preguntas-frecuentes","status":"publish","type":"page","link":"https:\/\/casasenlaesperanza.com\/BLOG\/preguntas-frecuentes\/","title":{"rendered":"Preguntas Frecuentes"},"content":{"rendered":"<h3>Preguntas Frecuentes<\/h3>\n<p><span style=\"text-decoration: underline;\"><strong>\u00bfCual es el papeleo que tengo que hacer para comprar y\/o vender mi casa con financiamiento bancario?<\/strong><\/span><\/p>\n<p>R=\/ Esta es la documentaci\u00f3n que vas a necesitar:<\/p>\n<p><strong>Si vas a Vender:<\/strong><br \/>\n&#8211; Promesa de compra-venta por 30 d\u00edas (al comprador)<br \/>\n&#8211; Copia de la escritura de la propiedad<br \/>\n&#8211; Ultimo recibo de bienes inmuebles pagado<br \/>\n&#8211; Constancia de clave catastral<br \/>\n&#8211; Constancia de liberaci\u00f3n de gravamen<br \/>\n&#8211; Copia tarjeta identidad<br \/>\n&#8211; R.T.N. Num\u00e9rico<\/p>\n<p><strong>Si vas a Comprar:<\/strong><br \/>\n&#8211; Copia tarjeta de identidad<br \/>\n&#8211; R.T.N. Num\u00e9rico<br \/>\n&#8211; Copia del ultimo recibo de servicios p\u00fablicos pagado de donde vivas actualmente (agua o luz)<br \/>\n&#8211; Constancia de no poseer bienes inmuebles<br \/>\n&#8211; Constancia de ingresos<br \/>\n&#8211; Llenar la solicitud del banco que te va a financiar<br \/>\n&#8211; Recibo de pago de la prima sino esta estipulada en la promesa de compra-venta que te extienda el vendedor<\/p>\n<p><strong>\u00bfMi Casa Tiene Gran Valor Pero No se Que Precio Puedo Pedir Por ella?<\/strong><\/p>\n<p>Cuando se Realiza un Avalu\u00f3 los Bancos Siempre nos dar\u00e1n talves el 50% de lo que nosotros consideramos que vale nuestra propiedad, esto funciona asi, y despu\u00e9s del avaluo el banco, solo nos dara quiz\u00e1s un 70% del valor de la propiedad, por eso no piense que tu propiedad vale mucho, hasta que se haga un avalu\u00f3 profesional, y siempre el valor comercial ser\u00e1 mucho mejor si se hace con intermediarios expertos en bienes ra\u00edces que te ayudaran a conseguir el mejor precio. Hay muchos clientes que inflan los precios de sus propiedades por esa raz\u00f3n nuestra empresa no promociona este tipo de propiedades por considerar que su precio esta fuera de la demanda del mercado.<\/p>\n<p><strong>\u00bfCuales Son Los Requisitos para acceso a banca?<\/strong><\/p>\n<p><span style=\"text-decoration: underline;\"><strong>R=Requisitos para acceso a banca (personas Asalariadas)<\/strong><\/span><\/p>\n<p>1) Constancia de Trabajo con deducciones, m\u00ednimo 1 a\u00f1o trabajo<\/p>\n<p>2) Copias de tarjeta de Identidad, RTN, y Recibo de Servicio P\u00fablico (energ\u00eda)<\/p>\n<p>3) Prima 10 % Monto del Valor del Terreno o Casa<\/p>\n<p>4) Lps. 500.00 para constancias (de no poseer bienes, catastrales y libertad de gravamen)<\/p>\n<p><span style=\"text-decoration: underline;\"><strong>\u00bfCuales Son Los Requisitos para Comerciantes individuales \u00f3 Empresarios?<\/strong><\/span><\/p>\n<p><strong>R=<\/strong><\/p>\n<p>1) Constancia de Trabajo con deducciones, m\u00ednimo 1 a\u00f1o trabajo<\/p>\n<p>2) Copias de tarjeta de Identidad, RTN, y Recibo de Servicio P\u00fablico (energ\u00eda)<\/p>\n<p>3) Prima 10 % Monto del Valor del Terreno o Casa<\/p>\n<p>4) Lps. 500.00 para constancias (de no poseer bienes, catastrales y libertad de gravamen)<\/p>\n<p>5) Copia de escritura de comerciante individual (constituci\u00f3n empresa)<\/p>\n<p>6) Copia de permisos operaci\u00f3n del negocio (\u00faltimos 3 anos)<\/p>\n<p>7)\u00a0 Estados financieros\u00a0 de los \u00faltimos 2 a\u00f1os firmado y sellado por perito colegiado<\/p>\n<p>8) 3 referencias comerciales (de proveedores)<\/p>\n<p>9) 1 0 2 referencias bancarias<\/p>\n<p>10) Prima 10 % Monto del Valor del Terreno o Casa<\/p>\n<p><span style=\"text-decoration: underline;\"><strong>\u00bfCuales Son Los Requisitos para acceso a banca (hondure\u00f1os en el extranjero: USA y Espa\u00f1a?<\/strong><\/span><\/p>\n<p>1) Constancia de Trabajo o copia de Boucher (viles)<\/p>\n<p>2) Copias de tarjeta de Identidad, RTN, y Recibo de Servicio P\u00fablico (energ\u00eda) de familiar que lo represente en honduras<\/p>\n<p>3) Copia de identidad del solicitante (o pasaporte)<\/p>\n<p>4) Copia de los \u00faltimos 12 meses de la persona que le env\u00eda remesas (persona que lo representa)<\/p>\n<p>5) Prima de un 25 % del Monto o precio de la casa (legales) y de un 40% (ilegales)<\/p>\n<p>6) Lps. 500.00 para constancias (de no poseer bienes, catastrales y libertad de gravamen)<\/p>\n<p>7) Datos totales de direcci\u00f3n domiciliaria, n\u00fam. de tel\u00e9fonos, direcci\u00f3n y n\u00fam. de tel. de trabajo<\/p>\n<p>Y\u00a0 algunos datos personales que se le pedir\u00edan v\u00eda correo electr\u00f3nico \u00a0y que luego el banco verifica v\u00eda tel\u00e9fono<\/p>\n<p><a href=\"http:\/\/casasenlaesperanza.com\/BLOG\/wp-content\/uploads\/2012\/02\/1555357_931666356845712_3945086463568522021_n.jpg\"><img loading=\"lazy\" decoding=\"async\" class=\"aligncenter wp-image-1855 size-full\" title=\"como comprar una casa desde estados unidos en honduras\" src=\"http:\/\/casasenlaesperanza.com\/BLOG\/wp-content\/uploads\/2012\/02\/1555357_931666356845712_3945086463568522021_n.jpg\" alt=\"1555357_931666356845712_3945086463568522021_n\" width=\"540\" height=\"720\" srcset=\"https:\/\/casasenlaesperanza.com\/BLOG\/wp-content\/uploads\/2012\/02\/1555357_931666356845712_3945086463568522021_n.jpg 540w, https:\/\/casasenlaesperanza.com\/BLOG\/wp-content\/uploads\/2012\/02\/1555357_931666356845712_3945086463568522021_n-225x300.jpg 225w\" sizes=\"auto, (max-width: 540px) 100vw, 540px\" \/><\/a><\/p>\n<p><a href=\"http:\/\/casasenlaesperanza.com\/BLOG\/wp-content\/uploads\/2012\/02\/10989154_931666413512373_2987190242168489966_n1.jpg\"><img loading=\"lazy\" decoding=\"async\" class=\"aligncenter wp-image-1858 \" src=\"http:\/\/casasenlaesperanza.com\/BLOG\/wp-content\/uploads\/2012\/02\/10989154_931666413512373_2987190242168489966_n1.jpg\" alt=\"Requisitos para comprar casa desde estados unidos en honduras\" width=\"548\" height=\"810\" srcset=\"https:\/\/casasenlaesperanza.com\/BLOG\/wp-content\/uploads\/2012\/02\/10989154_931666413512373_2987190242168489966_n1.jpg 650w, https:\/\/casasenlaesperanza.com\/BLOG\/wp-content\/uploads\/2012\/02\/10989154_931666413512373_2987190242168489966_n1-203x300.jpg 203w\" sizes=\"auto, (max-width: 548px) 100vw, 548px\" \/><\/a><\/p>\n<p><span style=\"text-decoration: underline;\"><em><strong>Existe Algun Numero de Un Banco Hondure\u00f1o en El Estados Unidos Para Llamar<\/strong><\/em><\/span><\/p>\n<p><strong>R=<\/strong>Si Uno de los Bancos Donde Se puede solicitar el financiamiento es Banco FICOHSA y tiene un telefono donde se puede llamar Gratis Para Hacer Consulta 1-866-978-6066 para tambien un correo donde puede solicitar informacion amayer@grupoficohsa.hn<\/p>\n<p>&nbsp;<\/p>\n","protected":false},"excerpt":{"rendered":"<p>Preguntas Frecuentes \u00bfCual es el papeleo que tengo que hacer para comprar y\/o vender mi casa con financiamiento bancario? R=\/ Esta es la documentaci\u00f3n que vas a necesitar: Si vas a Vender: &#8211; Promesa de compra-venta por 30 d\u00edas (al comprador) &#8211; Copia de la escritura de la propiedad &#8211; Ultimo recibo de bienes inmuebles [&hellip;]<\/p>\n","protected":false},"author":1,"featured_media":0,"parent":0,"menu_order":6,"comment_status":"closed","ping_status":"open","template":"","meta":{"_joinchat":[],"footnotes":""},"class_list":["post-635","page","type-page","status-publish","hentry"],"_links":{"self":[{"href":"https:\/\/casasenlaesperanza.com\/BLOG\/wp-json\/wp\/v2\/pages\/635","targetHints":{"allow":["GET"]}}],"collection":[{"href":"https:\/\/casasenlaesperanza.com\/BLOG\/wp-json\/wp\/v2\/pages"}],"about":[{"href":"https:\/\/casasenlaesperanza.com\/BLOG\/wp-json\/wp\/v2\/types\/page"}],"author":[{"embeddable":true,"href":"https:\/\/casasenlaesperanza.com\/BLOG\/wp-json\/wp\/v2\/users\/1"}],"replies":[{"embeddable":true,"href":"https:\/\/casasenlaesperanza.com\/BLOG\/wp-json\/wp\/v2\/comments?post=635"}],"version-history":[{"count":16,"href":"https:\/\/casasenlaesperanza.com\/BLOG\/wp-json\/wp\/v2\/pages\/635\/revisions"}],"predecessor-version":[{"id":1860,"href":"https:\/\/casasenlaesperanza.com\/BLOG\/wp-json\/wp\/v2\/pages\/635\/revisions\/1860"}],"wp:attachment":[{"href":"https:\/\/casasenlaesperanza.com\/BLOG\/wp-json\/wp\/v2\/media?parent=635"}],"curies":[{"name":"wp","href":"https:\/\/api.w.org\/{rel}","templated":true}]}}